{"id":1143,"date":"2022-05-05T17:23:18","date_gmt":"2022-05-05T17:23:18","guid":{"rendered":"https:\/\/server878551.nazwa.pl\/wp\/?page_id=1143"},"modified":"2026-02-25T08:40:15","modified_gmt":"2026-02-25T08:40:15","slug":"o-nas-2","status":"publish","type":"page","link":"https:\/\/dpsmarszalki.pl\/?page_id=1143","title":{"rendered":"O nas"},"content":{"rendered":"\n<p class=\"has-text-align-left has-medium-font-size\">Dom Pomocy w Marsza\u0142kach przeznaczony jest dla os\u00f3b przewlekle somatycznie chorych. Posiada <strong>138<\/strong> miejsc na pobyt sta\u0142y lub d\u0142ugoterminowy oraz <strong>2<\/strong> miejsca, w ramach kt\u00f3rych realizowane s\u0105 us\u0142ugi wsparcia kr\u00f3tkoterminowego w formie pobytu ca\u0142odobowego. Dom dysponuje r\u00f3wnie\u017c 3 miejscami w ramach wsparcia w formie opieki wytchnieniowej . Organem prowadz\u0105cym DPS jest Rada i Zarz\u0105d Powiatu w Ostrzeszowie.<\/p>\n\n\n\n<p class=\"has-text-align-left has-medium-font-size\">Zgodnie z decyzj\u0105 Wojewody Wielkopolskiego Powiat Ostrzeszowski otrzyma\u0142 zezwolenie na prowadzenie DPS w Marsza\u0142kach na czas nieokre\u015blony.<\/p>\n\n\n\n<p class=\"has-text-align-left has-medium-font-size\">DPS w Marsza\u0142kach zapewnia ca\u0142odobow\u0105 opiek\u0119 oraz zaspokaja niezb\u0119dne potrzeby bytowe, opieku\u0144cze, wspomagaj\u0105ce, edukacyjne i religijne na poziomie obowi\u0105zuj\u0105cego standardu w formie i zakresie wynikaj\u0105cym z indywidualnych potrzeb mieszka\u0144ca.<\/p>\n\n\n\n<p class=\"has-text-align-left has-medium-font-size\">Miesi\u0119czny koszt utrzymania mieszka\u0144ca wynosi 7 105,00 z\u0142.<\/p>\n\n\n\n<p class=\"has-medium-font-size\"><\/p>\n","protected":false},"excerpt":{"rendered":"<p>Dom Pomocy w Marsza\u0142kach przeznaczony jest dla os\u00f3b przewlekle somatycznie chorych. Posiada 138 miejsc na pobyt sta\u0142y lub d\u0142ugoterminowy oraz 2 miejsca, w ramach kt\u00f3rych realizowane s\u0105 us\u0142ugi wsparcia kr\u00f3tkoterminowego w formie pobytu ca\u0142odobowego. Dom dysponuje r\u00f3wnie\u017c 3 miejscami w ramach wsparcia w formie opieki wytchnieniowej . Organem prowadz\u0105cym DPS jest Rada i Zarz\u0105d Powiatu &hellip;<\/p>\n","protected":false},"author":1,"featured_media":0,"parent":0,"menu_order":0,"comment_status":"closed","ping_status":"closed","template":"","meta":{"footnotes":""},"class_list":["post-1143","page","type-page","status-publish","hentry"],"_links":{"self":[{"href":"https:\/\/dpsmarszalki.pl\/index.php?rest_route=\/wp\/v2\/pages\/1143","targetHints":{"allow":["GET"]}}],"collection":[{"href":"https:\/\/dpsmarszalki.pl\/index.php?rest_route=\/wp\/v2\/pages"}],"about":[{"href":"https:\/\/dpsmarszalki.pl\/index.php?rest_route=\/wp\/v2\/types\/page"}],"author":[{"embeddable":true,"href":"https:\/\/dpsmarszalki.pl\/index.php?rest_route=\/wp\/v2\/users\/1"}],"replies":[{"embeddable":true,"href":"https:\/\/dpsmarszalki.pl\/index.php?rest_route=%2Fwp%2Fv2%2Fcomments&post=1143"}],"version-history":[{"count":13,"href":"https:\/\/dpsmarszalki.pl\/index.php?rest_route=\/wp\/v2\/pages\/1143\/revisions"}],"predecessor-version":[{"id":9539,"href":"https:\/\/dpsmarszalki.pl\/index.php?rest_route=\/wp\/v2\/pages\/1143\/revisions\/9539"}],"wp:attachment":[{"href":"https:\/\/dpsmarszalki.pl\/index.php?rest_route=%2Fwp%2Fv2%2Fmedia&parent=1143"}],"curies":[{"name":"wp","href":"https:\/\/api.w.org\/{rel}","templated":true}]}}