{"id":1163,"date":"2022-05-06T13:32:21","date_gmt":"2022-05-06T13:32:21","guid":{"rendered":"https:\/\/server878551.nazwa.pl\/wp\/?page_id=1163"},"modified":"2026-02-10T12:51:02","modified_gmt":"2026-02-10T12:51:02","slug":"rodo","status":"publish","type":"page","link":"https:\/\/dpsmarszalki.pl\/?page_id=1163","title":{"rendered":"RODO"},"content":{"rendered":"\n<p>Inspektor ochrony danych: Justyna Ma\u0142kowska<\/p>\n\n\n\n<p>kontakt z inspektorem:<\/p>\n\n\n\n<p>Marsza\u0142ki 15, 63-520 Grab\u00f3w nad Prosn\u0105<\/p>\n\n\n\n<p>tel.\/fax. 62 732 07 00<br>e-mail: jmalkowska@dpsmarszalki.pl<\/p>\n\n\n\n<div class=\"wp-block-file\"><a id=\"wp-block-file--media-cddd42b1-8492-4fad-b8c3-403fe93bf8b0\" href=\"https:\/\/dpsmarszalki.pl\/wp-content\/uploads\/2023\/09\/Klauzula-Mieszkancy-DPS.pdf\">Klauzula-Mieszkancy-DPS<\/a><a href=\"https:\/\/dpsmarszalki.pl\/wp-content\/uploads\/2023\/09\/Klauzula-Mieszkancy-DPS.pdf\" class=\"wp-block-file__button wp-element-button\" download aria-describedby=\"wp-block-file--media-cddd42b1-8492-4fad-b8c3-403fe93bf8b0\">Pobierz<\/a><\/div>\n\n\n\n<div class=\"wp-block-file\"><a id=\"wp-block-file--media-b22f2c7d-04c5-44b7-ad4b-00efdd5e8f22\" href=\"https:\/\/dpsmarszalki.pl\/wp-content\/uploads\/2023\/09\/Klauzula-Osoby-odwiedzajace.pdf\">Klauzula-Osoby-odwiedzajace<\/a><a href=\"https:\/\/dpsmarszalki.pl\/wp-content\/uploads\/2023\/09\/Klauzula-Osoby-odwiedzajace.pdf\" class=\"wp-block-file__button wp-element-button\" download aria-describedby=\"wp-block-file--media-b22f2c7d-04c5-44b7-ad4b-00efdd5e8f22\">Pobierz<\/a><\/div>\n\n\n\n<div class=\"wp-block-file\"><a id=\"wp-block-file--media-892065a9-77d6-4e47-9781-e59f4180b0b6\" href=\"https:\/\/dpsmarszalki.pl\/wp-content\/uploads\/2023\/09\/Klauzula-Urlop-Mieszkanca.pdf\">Klauzula-Urlop-Mieszkanca<\/a><a href=\"https:\/\/dpsmarszalki.pl\/wp-content\/uploads\/2023\/09\/Klauzula-Urlop-Mieszkanca.pdf\" class=\"wp-block-file__button wp-element-button\" download aria-describedby=\"wp-block-file--media-892065a9-77d6-4e47-9781-e59f4180b0b6\">Pobierz<\/a><\/div>\n\n\n\n<div class=\"wp-block-file\"><a id=\"wp-block-file--media-c01f1dc0-be51-428b-912b-28540dd63d25\" href=\"https:\/\/dpsmarszalki.pl\/wp-content\/uploads\/2023\/09\/Klauzula-Osoby-korespondujace.pdf\">Klauzula-Osoby-korespondujace<\/a><a href=\"https:\/\/dpsmarszalki.pl\/wp-content\/uploads\/2023\/09\/Klauzula-Osoby-korespondujace.pdf\" class=\"wp-block-file__button wp-element-button\" download aria-describedby=\"wp-block-file--media-c01f1dc0-be51-428b-912b-28540dd63d25\">Pobierz<\/a><\/div>\n\n\n\n<div class=\"wp-block-file\"><a id=\"wp-block-file--media-101e257e-4032-469c-b3b6-2a5d3bb44851\" href=\"https:\/\/dpsmarszalki.pl\/wp-content\/uploads\/2023\/09\/Klauzula-Kandydanci-do-pracy.pdf\">Klauzula-Kandydanci-do-pracy<\/a><a href=\"https:\/\/dpsmarszalki.pl\/wp-content\/uploads\/2023\/09\/Klauzula-Kandydanci-do-pracy.pdf\" class=\"wp-block-file__button wp-element-button\" download aria-describedby=\"wp-block-file--media-101e257e-4032-469c-b3b6-2a5d3bb44851\">Pobierz<\/a><\/div>\n\n\n\n<div class=\"wp-block-file\"><a id=\"wp-block-file--media-00515e05-2836-44b7-9221-f55395ed7d40\" href=\"https:\/\/dpsmarszalki.pl\/wp-content\/uploads\/2023\/09\/Klauzula-Kandydaci-do-pracy-stanowiska-urzednicze.pdf\">Klauzula-Kandydaci-do-pracy-stanowiska-urzednicze<\/a><a href=\"https:\/\/dpsmarszalki.pl\/wp-content\/uploads\/2023\/09\/Klauzula-Kandydaci-do-pracy-stanowiska-urzednicze.pdf\" class=\"wp-block-file__button wp-element-button\" download aria-describedby=\"wp-block-file--media-00515e05-2836-44b7-9221-f55395ed7d40\">Pobierz<\/a><\/div>\n\n\n\n<div class=\"wp-block-file\"><a id=\"wp-block-file--media-ec0cc76b-ba0b-4cf8-9828-686c1a1ef5a8\" href=\"https:\/\/dpsmarszalki.pl\/wp-content\/uploads\/2023\/09\/Klauzula-Pracownicy.pdf\">Klauzula-Pracownicy<\/a><a href=\"https:\/\/dpsmarszalki.pl\/wp-content\/uploads\/2023\/09\/Klauzula-Pracownicy.pdf\" class=\"wp-block-file__button wp-element-button\" download aria-describedby=\"wp-block-file--media-ec0cc76b-ba0b-4cf8-9828-686c1a1ef5a8\">Pobierz<\/a><\/div>\n\n\n\n<div class=\"wp-block-file\"><a id=\"wp-block-file--media-1e9b4d34-bee8-4b6f-a557-899f5c2103cc\" href=\"https:\/\/dpsmarszalki.pl\/wp-content\/uploads\/2023\/09\/Klauzula-Kontrola-trzezwosci.pdf\">Klauzula-Kontrola-trzezwosci<\/a><a href=\"https:\/\/dpsmarszalki.pl\/wp-content\/uploads\/2023\/09\/Klauzula-Kontrola-trzezwosci.pdf\" class=\"wp-block-file__button wp-element-button\" download aria-describedby=\"wp-block-file--media-1e9b4d34-bee8-4b6f-a557-899f5c2103cc\">Pobierz<\/a><\/div>\n\n\n\n<div class=\"wp-block-file\"><a id=\"wp-block-file--media-97471ef7-e4f6-4c58-b450-9595f59ef59b\" href=\"https:\/\/dpsmarszalki.pl\/wp-content\/uploads\/2023\/09\/Klauzula-ZFSS.pdf\">Klauzula-ZFSS<\/a><a href=\"https:\/\/dpsmarszalki.pl\/wp-content\/uploads\/2023\/09\/Klauzula-ZFSS.pdf\" class=\"wp-block-file__button wp-element-button\" download aria-describedby=\"wp-block-file--media-97471ef7-e4f6-4c58-b450-9595f59ef59b\">Pobierz<\/a><\/div>\n\n\n\n<div class=\"wp-block-file\"><a id=\"wp-block-file--media-e7b089c2-38e5-4d38-8293-0aed219c4920\" href=\"https:\/\/dpsmarszalki.pl\/wp-content\/uploads\/2023\/09\/Klauzula-Praktykanci.pdf\">Klauzula-Praktykanci<\/a><a href=\"https:\/\/dpsmarszalki.pl\/wp-content\/uploads\/2023\/09\/Klauzula-Praktykanci.pdf\" class=\"wp-block-file__button wp-element-button\" download aria-describedby=\"wp-block-file--media-e7b089c2-38e5-4d38-8293-0aed219c4920\">Pobierz<\/a><\/div>\n\n\n\n<div class=\"wp-block-file\"><a id=\"wp-block-file--media-319ee42c-14ac-4a46-af1e-b8c5ac071eb7\" href=\"https:\/\/dpsmarszalki.pl\/wp-content\/uploads\/2023\/09\/Klauzula-Stazysta.pdf\">Klauzula-Stazysta<\/a><a href=\"https:\/\/dpsmarszalki.pl\/wp-content\/uploads\/2023\/09\/Klauzula-Stazysta.pdf\" class=\"wp-block-file__button wp-element-button\" download aria-describedby=\"wp-block-file--media-319ee42c-14ac-4a46-af1e-b8c5ac071eb7\">Pobierz<\/a><\/div>\n\n\n\n<div class=\"wp-block-file\"><a id=\"wp-block-file--media-5ed6192f-0a4b-4e3d-bb80-bae27ad7de6e\" href=\"https:\/\/dpsmarszalki.pl\/wp-content\/uploads\/2023\/09\/Klauzula-Wspolpracownicy.pdf\">Klauzula-Wspolpracownicy<\/a><a href=\"https:\/\/dpsmarszalki.pl\/wp-content\/uploads\/2023\/09\/Klauzula-Wspolpracownicy.pdf\" class=\"wp-block-file__button wp-element-button\" download aria-describedby=\"wp-block-file--media-5ed6192f-0a4b-4e3d-bb80-bae27ad7de6e\">Pobierz<\/a><\/div>\n\n\n\n<div class=\"wp-block-file\"><a id=\"wp-block-file--media-b8d0ebfb-a862-414f-9bf7-afd707f18a8c\" href=\"https:\/\/dpsmarszalki.pl\/wp-content\/uploads\/2023\/09\/Klauzula-Monitoring-wizyjny.pdf\">Klauzula-Monitoring-wizyjny<\/a><a href=\"https:\/\/dpsmarszalki.pl\/wp-content\/uploads\/2023\/09\/Klauzula-Monitoring-wizyjny.pdf\" class=\"wp-block-file__button wp-element-button\" download aria-describedby=\"wp-block-file--media-b8d0ebfb-a862-414f-9bf7-afd707f18a8c\">Pobierz<\/a><\/div>\n\n\n\n<div class=\"wp-block-file\"><a id=\"wp-block-file--media-e141e7e0-0d41-4896-b77b-c064be9c0239\" href=\"https:\/\/dpsmarszalki.pl\/wp-content\/uploads\/2023\/09\/Klauzula-Uczestnic-imprez.pdf\">Klauzula-Uczestnic-imprez<\/a><a href=\"https:\/\/dpsmarszalki.pl\/wp-content\/uploads\/2023\/09\/Klauzula-Uczestnic-imprez.pdf\" class=\"wp-block-file__button wp-element-button\" download aria-describedby=\"wp-block-file--media-e141e7e0-0d41-4896-b77b-c064be9c0239\">Pobierz<\/a><\/div>\n\n\n\n<div class=\"wp-block-file\"><a id=\"wp-block-file--media-9813fb25-6713-443f-94e1-a79003876c45\" href=\"https:\/\/dpsmarszalki.pl\/wp-content\/uploads\/2023\/09\/Klauzula-Dane-podczas-pandemii.pdf\">Klauzula-Dane-podczas-pandemii<\/a><a href=\"https:\/\/dpsmarszalki.pl\/wp-content\/uploads\/2023\/09\/Klauzula-Dane-podczas-pandemii.pdf\" class=\"wp-block-file__button wp-element-button\" download aria-describedby=\"wp-block-file--media-9813fb25-6713-443f-94e1-a79003876c45\">Pobierz<\/a><\/div>\n\n\n\n<div class=\"wp-block-file\"><a id=\"wp-block-file--media-8b4f4600-db38-4a6b-866b-3108807dd18f\" href=\"https:\/\/dpsmarszalki.pl\/wp-content\/uploads\/2023\/09\/Klauzula-Darczyncy.pdf\">Klauzula-Darczyncy<\/a><a href=\"https:\/\/dpsmarszalki.pl\/wp-content\/uploads\/2023\/09\/Klauzula-Darczyncy.pdf\" class=\"wp-block-file__button wp-element-button\" download aria-describedby=\"wp-block-file--media-8b4f4600-db38-4a6b-866b-3108807dd18f\">Pobierz<\/a><\/div>\n\n\n\n<div class=\"wp-block-file\"><a id=\"wp-block-file--media-db8f8c5b-514e-41dc-918c-6257936237d1\" href=\"https:\/\/dpsmarszalki.pl\/wp-content\/uploads\/2026\/02\/Klauzula-informacyjna-Zamowienia-publiczne-ponizej-170-tys.-zl.pdf\">Klauzula informacyjna &#8211; Zam\u00f3wienia publiczne poni\u017cej 170 tys. z\u0142<\/a><a href=\"https:\/\/dpsmarszalki.pl\/wp-content\/uploads\/2026\/02\/Klauzula-informacyjna-Zamowienia-publiczne-ponizej-170-tys.-zl.pdf\" class=\"wp-block-file__button wp-element-button\" download aria-describedby=\"wp-block-file--media-db8f8c5b-514e-41dc-918c-6257936237d1\">Pobierz<\/a><\/div>\n\n\n\n<div class=\"wp-block-file\"><a id=\"wp-block-file--media-b586b8b8-80fb-42fa-9f36-0698716738ba\" href=\"https:\/\/dpsmarszalki.pl\/wp-content\/uploads\/2026\/02\/Klauzula-informacyjna-Zamowienia-publiczne-powyzej-170-tys.-zlotych.pdf\">Klauzula informacyjna &#8211; Zam\u00f3wienia publiczne powy\u017cej 170 tys. z\u0142otych<\/a><a href=\"https:\/\/dpsmarszalki.pl\/wp-content\/uploads\/2026\/02\/Klauzula-informacyjna-Zamowienia-publiczne-powyzej-170-tys.-zlotych.pdf\" class=\"wp-block-file__button wp-element-button\" download aria-describedby=\"wp-block-file--media-b586b8b8-80fb-42fa-9f36-0698716738ba\">Pobierz<\/a><\/div>\n\n\n\n<div class=\"wp-block-file\"><a id=\"wp-block-file--media-e2097b99-7ecb-45c5-8305-4c0887be2ba5\" href=\"https:\/\/dpsmarszalki.pl\/wp-content\/uploads\/2023\/09\/Klauzula-Zawarcie-umowy.pdf\">Klauzula-Zawarcie-umowy<\/a><a href=\"https:\/\/dpsmarszalki.pl\/wp-content\/uploads\/2023\/09\/Klauzula-Zawarcie-umowy.pdf\" class=\"wp-block-file__button wp-element-button\" download aria-describedby=\"wp-block-file--media-e2097b99-7ecb-45c5-8305-4c0887be2ba5\">Pobierz<\/a><\/div>\n\n\n\n<div class=\"wp-block-file\"><a id=\"wp-block-file--media-1be7ca83-96b9-4dcf-b140-3f9238e1e9ba\" href=\"https:\/\/dpsmarszalki.pl\/wp-content\/uploads\/2023\/09\/Klauzula-Najemcy.pdf\">Klauzula-Najemcy<\/a><a href=\"https:\/\/dpsmarszalki.pl\/wp-content\/uploads\/2023\/09\/Klauzula-Najemcy.pdf\" class=\"wp-block-file__button wp-element-button\" download aria-describedby=\"wp-block-file--media-1be7ca83-96b9-4dcf-b140-3f9238e1e9ba\">Pobierz<\/a><\/div>\n\n\n\n<div class=\"wp-block-file\"><a id=\"wp-block-file--media-983f0f72-068d-44ca-a1ec-bfc207d0a914\" href=\"https:\/\/dpsmarszalki.pl\/wp-content\/uploads\/2023\/09\/Klauzula-Spadkobiercy-Mieszkancow.pdf\">Klauzula-Spadkobiercy-Mieszkancow<\/a><a href=\"https:\/\/dpsmarszalki.pl\/wp-content\/uploads\/2023\/09\/Klauzula-Spadkobiercy-Mieszkancow.pdf\" class=\"wp-block-file__button wp-element-button\" download aria-describedby=\"wp-block-file--media-983f0f72-068d-44ca-a1ec-bfc207d0a914\">Pobierz<\/a><\/div>\n\n\n\n<div class=\"wp-block-file\"><a id=\"wp-block-file--media-25bf61f0-f28e-40a2-8139-6541959e44fc\" href=\"https:\/\/dpsmarszalki.pl\/wp-content\/uploads\/2023\/09\/Klauzula-Dzierzawa-gruntow-ornych.pdf\">Klauzula-Dzierzawa-gruntow-ornych<\/a><a href=\"https:\/\/dpsmarszalki.pl\/wp-content\/uploads\/2023\/09\/Klauzula-Dzierzawa-gruntow-ornych.pdf\" class=\"wp-block-file__button wp-element-button\" download aria-describedby=\"wp-block-file--media-25bf61f0-f28e-40a2-8139-6541959e44fc\">Pobierz<\/a><\/div>\n\n\n\n<div class=\"wp-block-file\"><a id=\"wp-block-file--media-5bb555f7-a8db-4f7b-aabb-d3d743e95c84\" href=\"https:\/\/dpsmarszalki.pl\/wp-content\/uploads\/2024\/04\/Klauzula-RODO-dla-uczestnikow-krotkoterminowej.pdf\" target=\"_blank\" rel=\"noreferrer noopener\">Klauzula-RODO-dla-uczestnikow-krotkoterminowej<\/a><a href=\"https:\/\/dpsmarszalki.pl\/wp-content\/uploads\/2024\/04\/Klauzula-RODO-dla-uczestnikow-krotkoterminowej.pdf\" class=\"wp-block-file__button wp-element-button\" download aria-describedby=\"wp-block-file--media-5bb555f7-a8db-4f7b-aabb-d3d743e95c84\">Pobierz<\/a><\/div>\n\n\n\n<div class=\"wp-block-file\"><a id=\"wp-block-file--media-40878e85-dbc3-4f8c-b4f0-58364a1a58c0\" href=\"https:\/\/dpsmarszalki.pl\/wp-content\/uploads\/2025\/03\/Klauzula-Opieka-Wytchnieniowa-5.pdf\">Klauzula Opieka Wytchnieniowa<\/a><a href=\"https:\/\/dpsmarszalki.pl\/wp-content\/uploads\/2025\/03\/Klauzula-Opieka-Wytchnieniowa-5.pdf\" class=\"wp-block-file__button wp-element-button\" download aria-describedby=\"wp-block-file--media-40878e85-dbc3-4f8c-b4f0-58364a1a58c0\">Pobierz<\/a><\/div>\n\n\n\n<div class=\"wp-block-file\"><a id=\"wp-block-file--media-3f6d3600-4441-4da5-874d-d4261b04835a\" href=\"https:\/\/dpsmarszalki.pl\/wp-content\/uploads\/2025\/07\/Klauzula-informacyjna-facebook-meta-3.docx\">Klauzula informacyjna &#8211; facebook meta<\/a><a href=\"https:\/\/dpsmarszalki.pl\/wp-content\/uploads\/2025\/07\/Klauzula-informacyjna-facebook-meta-3.docx\" class=\"wp-block-file__button wp-element-button\" download aria-describedby=\"wp-block-file--media-3f6d3600-4441-4da5-874d-d4261b04835a\">Pobierz<\/a><\/div>\n\n\n\n<ul class=\"wp-block-list\"><\/ul>\n\n\n\n<div class=\"wp-block-file\"><a id=\"wp-block-file--media-6f1cf0ef-6f4a-4cda-991b-064be611fff2\" href=\"https:\/\/dpsmarszalki.pl\/?attachment_id=9257\" target=\"_blank\" rel=\"noreferrer noopener\">Klauzula informacyjna &#8211; opieka wytchnieniowa 2026<\/a><a href=\"https:\/\/dpsmarszalki.pl\/wp-content\/uploads\/2026\/02\/Klauzula-informacyjna-opieka-wytchnieniowa-2026-5.pdf\" class=\"wp-block-file__button wp-element-button\" download aria-describedby=\"wp-block-file--media-6f1cf0ef-6f4a-4cda-991b-064be611fff2\">Pobierz<\/a><\/div>\n\n\n\n<p><\/p>\n\n\n\n<p><\/p>\n","protected":false},"excerpt":{"rendered":"<p>Inspektor ochrony danych: Justyna Ma\u0142kowska kontakt z inspektorem: Marsza\u0142ki 15, 63-520 Grab\u00f3w nad Prosn\u0105 tel.\/fax. 62 732 07 00e-mail: jmalkowska@dpsmarszalki.pl Klauzula-Mieszkancy-DPSPobierz Klauzula-Osoby-odwiedzajacePobierz Klauzula-Urlop-MieszkancaPobierz Klauzula-Osoby-korespondujacePobierz Klauzula-Kandydanci-do-pracyPobierz Klauzula-Kandydaci-do-pracy-stanowiska-urzedniczePobierz Klauzula-PracownicyPobierz Klauzula-Kontrola-trzezwosciPobierz Klauzula-ZFSSPobierz Klauzula-PraktykanciPobierz Klauzula-StazystaPobierz Klauzula-WspolpracownicyPobierz Klauzula-Monitoring-wizyjnyPobierz Klauzula-Uczestnic-imprezPobierz Klauzula-Dane-podczas-pandemiiPobierz Klauzula-DarczyncyPobierz Klauzula informacyjna &#8211; Zam\u00f3wienia publiczne poni\u017cej 170 tys. z\u0142Pobierz Klauzula informacyjna &#8211; Zam\u00f3wienia publiczne powy\u017cej 170 tys. z\u0142otychPobierz Klauzula-Zawarcie-umowyPobierz &hellip;<\/p>\n","protected":false},"author":1,"featured_media":0,"parent":0,"menu_order":0,"comment_status":"closed","ping_status":"closed","template":"","meta":{"footnotes":""},"class_list":["post-1163","page","type-page","status-publish","hentry"],"_links":{"self":[{"href":"https:\/\/dpsmarszalki.pl\/index.php?rest_route=\/wp\/v2\/pages\/1163","targetHints":{"allow":["GET"]}}],"collection":[{"href":"https:\/\/dpsmarszalki.pl\/index.php?rest_route=\/wp\/v2\/pages"}],"about":[{"href":"https:\/\/dpsmarszalki.pl\/index.php?rest_route=\/wp\/v2\/types\/page"}],"author":[{"embeddable":true,"href":"https:\/\/dpsmarszalki.pl\/index.php?rest_route=\/wp\/v2\/users\/1"}],"replies":[{"embeddable":true,"href":"https:\/\/dpsmarszalki.pl\/index.php?rest_route=%2Fwp%2Fv2%2Fcomments&post=1163"}],"version-history":[{"count":15,"href":"https:\/\/dpsmarszalki.pl\/index.php?rest_route=\/wp\/v2\/pages\/1163\/revisions"}],"predecessor-version":[{"id":9258,"href":"https:\/\/dpsmarszalki.pl\/index.php?rest_route=\/wp\/v2\/pages\/1163\/revisions\/9258"}],"wp:attachment":[{"href":"https:\/\/dpsmarszalki.pl\/index.php?rest_route=%2Fwp%2Fv2%2Fmedia&parent=1163"}],"curies":[{"name":"wp","href":"https:\/\/api.w.org\/{rel}","templated":true}]}}