{"id":1261,"date":"2022-05-11T07:26:39","date_gmt":"2022-05-11T07:26:39","guid":{"rendered":"https:\/\/server878551.nazwa.pl\/wp\/?page_id=1261"},"modified":"2022-05-11T07:26:39","modified_gmt":"2022-05-11T07:26:39","slug":"historia-domu","status":"publish","type":"page","link":"https:\/\/dpsmarszalki.pl\/?page_id=1261","title":{"rendered":"Historia domu"},"content":{"rendered":"\n<p>Historia budynk\u00f3w, w kt\u00f3rych obecnie swoj\u0105 dzia\u0142alno\u015b\u0107 prowadzi Dom Pomocy Spo\u0142ecznej jest bardzo ciekawa.<\/p>\n\n\n\n<div class=\"wp-block-image\"><figure class=\"aligncenter size-full\"><img loading=\"lazy\" decoding=\"async\" width=\"250\" height=\"389\" src=\"https:\/\/dpsmarszalki.pl\/wp-content\/uploads\/2022\/05\/historia01.jpg\" alt=\"\" class=\"wp-image-1262\" srcset=\"https:\/\/dpsmarszalki.pl\/wp-content\/uploads\/2022\/05\/historia01.jpg 250w, https:\/\/dpsmarszalki.pl\/wp-content\/uploads\/2022\/05\/historia01-193x300.jpg 193w\" sizes=\"auto, (max-width: 250px) 100vw, 250px\" \/><\/figure><\/div>\n\n\n\n<p>Pod koniec XIX w. a \u015bci\u015blej w 1897r. hr. von Bismarck vel Bohlen synowa kanclerza Bismarcka, kt\u00f3rego okre\u015blano \u201d \u017celaznym\u201d, po stracie m\u0119\u017ca postanawia zaj\u0105\u0107 si\u0119 dzia\u0142alno\u015bci\u0105 charytatywn\u0105, a \u015bci\u015blej za\u0142o\u017cy\u0107 sierociniec dla dziewczynek.<\/p>\n\n\n\n<p>Tak powstaje kompleks stylowych budynk\u00f3w sk\u0142adaj\u0105cych si\u0119 z:<br>&#8211; niewielkiego dworku, zajmowanego przez fundatork\u0119;<br>&#8211; okaza\u0142ego tzw. \u201ebudynku g\u0142\u00f3wnego\u201d zamieszkiwanego przez sieroty;<br>&#8211; budynk\u00f3w gospodarstwa rolnego, tj:<br>&#8211; chlewni;<br>&#8211; obory;<br>&#8211; spichrzu;<br>&#8211; czworak\u00f3w \/ w kt\u00f3rych mieszkaj\u0105 robotnicy\/;<br>&#8211; stajni ( z nich hrabina by\u0142a bardzo dumna ). Jak wie\u015b\u0107 g\u0142osi\u0142a kocha\u0142a konie.<\/p>\n\n\n\n<p>Maj\u0105tek hr. Bismarck vel Bohlen by\u0142 wzorowo prowadzony. Jednak nie z tego s\u0142yn\u0105\u0142, a z sieroci\u0144ca. Schronienie znajdowa\u0142y w nim niemowl\u0119ta i dzieci wszystkich wyzna\u0144. Hrabina potrafi\u0142a uszanowa\u0107 wiar\u0119 swoich podopiecznych.<\/p>\n\n\n\n<div class=\"wp-block-image\"><figure class=\"aligncenter size-full\"><img loading=\"lazy\" decoding=\"async\" width=\"350\" height=\"263\" src=\"https:\/\/dpsmarszalki.pl\/wp-content\/uploads\/2022\/05\/historia02.jpg\" alt=\"\" class=\"wp-image-1263\" srcset=\"https:\/\/dpsmarszalki.pl\/wp-content\/uploads\/2022\/05\/historia02.jpg 350w, https:\/\/dpsmarszalki.pl\/wp-content\/uploads\/2022\/05\/historia02-300x225.jpg 300w\" sizes=\"auto, (max-width: 350px) 100vw, 350px\" \/><\/figure><\/div>\n\n\n\n<p>Najstarsi mieszka\u0144cy wsi pami\u0119taj\u0105 jeszcze jak dzieci katolickie na przepi\u0119knie ustrojonych \u201efurmankach\u201d jecha\u0142y do I \u2013 szej Komunii \u015awi\u0119tej do Parafii w Doruchowie.<\/p>\n\n\n\n<p>Dziewczynki mia\u0142y zapewnion\u0105 dobr\u0105 opiek\u0119. Uczy\u0142y si\u0119 r\u00f3\u017cnych zawod\u00f3w, najcz\u0119\u015bciej tych, kt\u00f3re p\u00f3\u017aniej przydawa\u0142y si\u0119 przy prowadzeniu gospodarstwa domowego.<\/p>\n\n\n\n<p>Wydarzenia wy\u017cej opisane opowiedzia\u0142a by\u0142a wychowanka sieroci\u0144ca, p. Maria obecnie mieszkanka Naszego Domu Pomocy Spo\u0142ecznej, licz\u0105ca 108 lat. Pani Maria, kt\u00f3r\u0105 hrabina zabra\u0142a ze sob\u0105 do Berlina po wielu latach powr\u00f3ci\u0142a, w\u0142a\u015bnie tam gdzie si\u0119 wychowa\u0142a i gdzie obecnie ma zapewnion\u0105 troskliw\u0105 opiek\u0119.<\/p>\n\n\n\n<p>Sierociniec w Marsza\u0142kach prowadzony by\u0142 do 1918 r. Po uzyskaniu przez Polsk\u0119 niepodleg\u0142o\u015bci, hr. Bohlen likwiduje sierociniec i wraca do Niemiec. Maj\u0105tek zostaje sprzedany. Niestety po kilku latach jego nowy w\u0142a\u015bciciel bankrutuje i Urz\u0105d Ziemski w Poznaniu przejmuje w\u0142o\u015bci.<\/p>\n\n\n\n<p>W 1921r. za zas\u0142ugi dla Ojczyzny ziemi\u0119 wraz z budynkami otrzymuje pu\u0142kownik Mamica \u2013 kapelan wojskowy , kt\u00f3ry w latach trzydziestych XX w. sprzedaje maj\u0105tek ksi\u0119\u017com Salezjanom.<\/p>\n\n\n\n<div class=\"wp-block-image\"><figure class=\"aligncenter size-full\"><img loading=\"lazy\" decoding=\"async\" width=\"350\" height=\"263\" src=\"https:\/\/dpsmarszalki.pl\/wp-content\/uploads\/2022\/05\/historia03.jpg\" alt=\"\" class=\"wp-image-1264\" srcset=\"https:\/\/dpsmarszalki.pl\/wp-content\/uploads\/2022\/05\/historia03.jpg 350w, https:\/\/dpsmarszalki.pl\/wp-content\/uploads\/2022\/05\/historia03-300x225.jpg 300w\" sizes=\"auto, (max-width: 350px) 100vw, 350px\" \/><\/figure><\/div>\n\n\n\n<p>Ksi\u0119\u017ca w budynku sieroci\u0144ca tworz\u0105 \u201eMa\u0142e Seminarium\u201d, stajni\u0119 modernizuj\u0105 na Ko\u015bci\u00f3\u0142. Powstaje parafia pod wezwaniem Chrystusa Kr\u00f3la.<\/p>\n\n\n\n<p>Od tej pory zaczyna si\u0119 drugi okres dla Marsza\u0142ek. W\u0142a\u015bnie dzi\u0119ki Salezjanom o\u015brodek t\u0119tni \u017cyciem. Salezjanie podobnie jak hr. Bohlen prowadz\u0105 gospodarstwo rolne. Oczywi\u015bcie jest to ju\u017c gospodarstwo wzorcowe. Tu w\u0142a\u015bnie m\u0142odzie\u017c wiejska uczy si\u0119, aby w przysz\u0142o\u015bci by\u0107 dobrymi gospodarzami. Dzia\u0142alno\u015b\u0107 swoj\u0105 Salezjanie nie ograniczaj\u0105 tylko do prowadzenia Seminarium i gospodarstwa, r\u00f3wnie\u017c prowadz\u0105 zaj\u0119cia kulturalne i sportowe z m\u0142odzie\u017c\u0105, kt\u00f3ra do Marsza\u0142ek dociera niekiedy z odleg\u0142ych stron. Przedstawienia teatralne wystawiane przez kleryk\u00f3w ciesz\u0105 si\u0119 ogromnym powodzeniem. Powoli Marsza\u0142ki staj\u0105 si\u0119 kolebk\u0105 \u017cycia kulturalno \u2013 sportowego okolicznych teren\u00f3w. Niestety wybuch drugiej wojny \u015bwiatowej przerywa dobrze rozwijaj\u0105c\u0105 sie dzia\u0142alno\u015b\u0107.<\/p>\n\n\n\n<p>Salezjanie brutalnie wyrzuceni przez okupanta zmuszeni s\u0105 opu\u015bci\u0107 Marsza\u0142ki. Cz\u0119\u015b\u0107 z nich trafi\u0142a do oboz\u00f3w koncentracyjnych \/ Dachau, Mathauzen, Gusen \/. Niemcy w budynkach organizuj\u0105 szko\u0142\u0119 Hitlerjugend. Butna m\u0142odzie\u017c hitlerowska niejednokrotnie stawa\u0142a si\u0119 postrachem dla i tak zgn\u0119bionych mieszka\u0144c\u00f3w wsi Marsza\u0142ek, Bukownicy i Chlewa. Po pi\u0119ciu latach okupacji nadesz\u0142a upragniona wolno\u015b\u0107 ale z pozoru.<\/p>\n\n\n\n<p>W 1945r. wracaj\u0105 Salezjanie, my\u015bl\u0105c \u017ce nadal b\u0119d\u0105 mogli dzia\u0142a\u0107 tak jak przed wojn\u0105 dla dobra spo\u0142ecze\u0144stwa. Myl\u0105 si\u0119. Nowa w\u0142adza jest czujna, wprowadza zakazy, ograniczenia i represje. W 1948r. w Marsza\u0142kach w by\u0142ym dworku hrabiny, obecnie plebania, zostaje internowany arcybiskup Baraniak.<\/p>\n\n\n\n<p>Jak\u017ce ci\u0119\u017cki jest to okres dla ksi\u0119\u017cy. Nie wiedz\u0105 jeszcze o najgorszym, a to zbli\u017ca\u0142o si\u0119 nieuchronnie. W\u0142adze komunistycznie w 1950r. nakazuj\u0105 ksi\u0119\u017com opu\u015bci\u0107 w przeci\u0105gu 24 godzin Seminarium i gospodarstwo. jedynie nie zlikwidowano parafii. Po wielkim maj\u0105tku, Salezjanom pozostaje tylko Ko\u015bci\u00f3\u0142, plebania i 2 ha ziemi. Decyzj\u0105 w\u0142adz powstaje Pa\u0144stwowe Gospodarstwo Rolne. W ci\u0105gu dw\u00f3ch lat bankrutuje.<\/p>\n\n\n\n<p>W 1952r. podj\u0119to decyzj\u0119 o utworzeniu Domu Starc\u00f3w dla 180 os\u00f3b kobiet i m\u0119\u017cczyzn .<\/p>\n\n\n\n<p>I tak rozpoczyna si\u0119 trzeci etap historii budynk\u00f3w. Osiedlaj\u0105 si\u0119 w nich pierwsi pensjonariusze. R\u00f3\u017cny by\u0142 ich przekr\u00f3j spo\u0142eczny i intelektualny. Budynki nie by\u0142y przystosowane do tego rodzaju dzia\u0142alno\u015bci. Sale mieszkalne 20-sto osobowe, ogrzewane piecami kaflowymi, niedostateczna ilo\u015b\u0107 sanitariat\u00f3w, jedna \u0142a\u017ania. Wok\u00f3\u0142 domu teren bardzo zaniedbany po zlikwidowaniu przez PGR pozosta\u0142y zachwaszczone \u0142\u0105ki i park.<\/p>\n\n\n\n<div class=\"wp-block-image\"><figure class=\"aligncenter size-full\"><img loading=\"lazy\" decoding=\"async\" width=\"350\" height=\"263\" src=\"https:\/\/dpsmarszalki.pl\/wp-content\/uploads\/2022\/05\/historia04.jpg\" alt=\"\" class=\"wp-image-1265\" srcset=\"https:\/\/dpsmarszalki.pl\/wp-content\/uploads\/2022\/05\/historia04.jpg 350w, https:\/\/dpsmarszalki.pl\/wp-content\/uploads\/2022\/05\/historia04-300x225.jpg 300w\" sizes=\"auto, (max-width: 350px) 100vw, 350px\" \/><\/figure><\/div>\n\n\n\n<p>By\u0142y to bardzo trudne lata dla pensjonariuszy i pracownik\u00f3w. Zbyt dobrze pami\u0119taj\u0105cy krzywd\u0119 ksi\u0119\u017cy, okoliczni mieszka\u0144cy wrogo nastawieni byli do plac\u00f3wki. Wiele lat musia\u0142o up\u0142yn\u0105\u0107, aby wzajemna niech\u0119\u0107 ust\u0105pi\u0142a zrozumieniu.<\/p>\n\n\n\n<p>Salezjanie po wielu latach bezskutecznej walki o odzyskanie d\u00f3br widz\u0105c, \u017ce c\u00f3\u017c winni s\u0105 starzy nieszcz\u0119\u015bliwi ludzie, zacz\u0119li odwiedza\u0107 ich, nios\u0105c duchow\u0105 pos\u0142ug\u0119.<\/p>\n\n\n\n<p>W tego typu plac\u00f3wkach niewielu by\u0142o ch\u0119tnych ludzi do podj\u0119cia pracy, zreszt\u0105 bardzo marnie op\u0142acanej. W ko\u0144cu prac\u0119 znalaz\u0142y tu siostry zakonne El\u017cbietanki, zmuszone do opuszczenia swojego szpitala mieszcz\u0105cego si\u0119 przy ulicy \u0141\u0105kowej w Poznaniu. W\u0142a\u015bnie One przyczyni\u0142y sie do pojednania mi\u0119dzy wsi\u0105, salezjanami, a podopiecznymi i pracownikami z Domu Starc\u00f3w. Siostry nie tylko pe\u0142ni\u0142y funkcje piel\u0119gniarek, ale by\u0142y powiernikami podopiecznych. Czuwa\u0142y i dba\u0142y o nich. Ponadto wbrew zakazom powoli wprowadza\u0142y do \u017cycia zak\u0142adowego modlitw\u0119, organizowa\u0142y wyj\u015bcia do Ko\u015bcio\u0142a.<\/p>\n\n\n\n<p>Z czasem oblicze Domu zmienia si\u0119 w wyniku systematycznych prac modernizacyjno \u2013 remontowych, plac\u00f3wka staje si\u0119 nowoczesn\u0105, odpowiadaj\u0105c\u0105 obowi\u0105zuj\u0105cym standardom. Postawiono na ekologi\u0119 i ochron\u0119 \u015brodowiska na prze\u0142omie lat 1999\/2000 buduje oczyszczalni\u0119 \u015bciek\u00f3w. w 2001r. modernizuje sie kot\u0142owni\u0119 w\u0119glow\u0105 na olejow\u0105 o mocy 350 KW. Obecnie gazow\u0105. Planowane jest odtworzenie pierwotnej szaty ro\u015blinnej, tzw. kompleks ogrodowo \u2013 parkowy \/park r\u00f3\u017cany\/. Budynek wyposa\u017cono w odpowiednia liczb\u0119 pokoi, \u0142azienek, toalet oraz inne niezb\u0119dne pomieszczania (sala kominkowa, sto\u0142\u00f3wka, kuchenki podr\u0119czne, warsztat terapii zaj\u0119ciowej, kawiarenk\u0119.<\/p>\n\n\n\n<p>W okresie blisko 50 \u2013 letniej dzia\u0142alno\u015bci jednostka jest kilkakrotnie reorganizowana, z Domu Starc\u00f3w dla 180 os\u00f3b staje si\u0119 Domem Pomocy Spo\u0142ecznej dla przewlekle somatycznie chorych obecnie dla 140 mieszka\u0144c\u00f3w.<\/p>\n\n\n\n<p>Najwa\u017cniejszym celem Domu jest stworzenie jego mieszka\u0144com poczucia bezpiecze\u0144stwa, spokoju, mi\u0142ej i ciep\u0142ej atmosfery.<\/p>\n\n\n\n<p>Od 2006 roku Dom \u015bwiadczy\u0107 us\u0142ugi zgodnie z wymaganym standardem i posiada pozwolenie na bezterminowa dzia\u0142alno\u015b\u0107, wychodz\u0105c na przeciw potrzebom mieszka\u0144c\u00f3w i obowi\u0105zuj\u0105cym przepisom prawa.<\/p>\n\n\n\n<p>Nasz Dom znany jest nie tylko w obr\u0119bie wojew\u00f3dztwa wielkopolskiego, ale te\u017c i poza jego granicami wielu mieszka\u0144c\u00f3w pochodzi z r\u00f3wnych zak\u0105tk\u00f3w Polski.<\/p>\n\n\n\n<p>Dom Wsp\u00f3\u0142pracuje z wieloma o\u015brodkami, instytucjami i organizacjami pozarz\u0105dowymi miedzy innymi Uniwersytet III wieku, Fundacja Mi\u0142osierdzie prowadz\u0105ca Warsztaty Terapii Zaj\u0119ciowej, Domami Pomocy Spo\u0142ecznej, O\u015brodkami Pomocy Spo\u0142ecznej. Utrzymujemy bardzo dobre s\u0105siedzkie stosunki z Zakonem Ksi\u0119\u017cy Salezjan\u00f3w przez wiele lat wzajemnie z nim wsp\u00f3\u0142pracuj\u0105c. Od ko\u0144ca 2007 r. rozpocz\u0119\u0142o dzia\u0142alno\u015b\u0107 stowarzyszenie \u201eSENIOR\u201d powo\u0142ane do \u017cycia przez mieszka\u0144c\u00f3w i pracownik\u00f3w Domu.<\/p>\n","protected":false},"excerpt":{"rendered":"<p>Historia budynk\u00f3w, w kt\u00f3rych obecnie swoj\u0105 dzia\u0142alno\u015b\u0107 prowadzi Dom Pomocy Spo\u0142ecznej jest bardzo ciekawa. Pod koniec XIX w. a \u015bci\u015blej w 1897r. hr. von Bismarck vel Bohlen synowa kanclerza Bismarcka, kt\u00f3rego okre\u015blano \u201d \u017celaznym\u201d, po stracie m\u0119\u017ca postanawia zaj\u0105\u0107 si\u0119 dzia\u0142alno\u015bci\u0105 charytatywn\u0105, a \u015bci\u015blej za\u0142o\u017cy\u0107 sierociniec dla dziewczynek. Tak powstaje kompleks stylowych budynk\u00f3w sk\u0142adaj\u0105cych si\u0119 &hellip;<\/p>\n","protected":false},"author":1,"featured_media":0,"parent":0,"menu_order":0,"comment_status":"closed","ping_status":"closed","template":"","meta":{"footnotes":""},"class_list":["post-1261","page","type-page","status-publish","hentry"],"_links":{"self":[{"href":"https:\/\/dpsmarszalki.pl\/index.php?rest_route=\/wp\/v2\/pages\/1261","targetHints":{"allow":["GET"]}}],"collection":[{"href":"https:\/\/dpsmarszalki.pl\/index.php?rest_route=\/wp\/v2\/pages"}],"about":[{"href":"https:\/\/dpsmarszalki.pl\/index.php?rest_route=\/wp\/v2\/types\/page"}],"author":[{"embeddable":true,"href":"https:\/\/dpsmarszalki.pl\/index.php?rest_route=\/wp\/v2\/users\/1"}],"replies":[{"embeddable":true,"href":"https:\/\/dpsmarszalki.pl\/index.php?rest_route=%2Fwp%2Fv2%2Fcomments&post=1261"}],"version-history":[{"count":1,"href":"https:\/\/dpsmarszalki.pl\/index.php?rest_route=\/wp\/v2\/pages\/1261\/revisions"}],"predecessor-version":[{"id":1267,"href":"https:\/\/dpsmarszalki.pl\/index.php?rest_route=\/wp\/v2\/pages\/1261\/revisions\/1267"}],"wp:attachment":[{"href":"https:\/\/dpsmarszalki.pl\/index.php?rest_route=%2Fwp%2Fv2%2Fmedia&parent=1261"}],"curies":[{"name":"wp","href":"https:\/\/api.w.org\/{rel}","templated":true}]}}