{"id":1310,"date":"2022-05-11T08:09:47","date_gmt":"2022-05-11T08:09:47","guid":{"rendered":"https:\/\/server878551.nazwa.pl\/wp\/?page_id=1310"},"modified":"2022-10-11T06:43:32","modified_gmt":"2022-10-11T06:43:32","slug":"sponsorzy-oraz-osoby-wspierajace-dps","status":"publish","type":"page","link":"https:\/\/dpsmarszalki.pl\/?page_id=1310","title":{"rendered":"SPONSORZY ORAZ OSOBY WSPIERAJ\u0104CE DPS"},"content":{"rendered":"\n<ul class=\"wp-block-list\"><li>Prezes Fundacji NOS DUO \u2013 Pani Marta Raczy\u0144ska \u2013 Dejneka<\/li><li>Pa\u0144stwo Marta i Adam Kostrzewscy \u2013 Fabryka Ceramiki Budowlanej z Ostrzeszowa<\/li><li>Pan Tomasz Cali\u0144ski i Pan Grzegorz Jo\u0144czak Firma TSG Us\u0142ugi i Inwestycje Budowlane z Kaliszkowic O\u0142obockich<\/li><li>Firma DAN CAKE z Chrzanowa<\/li><li>PROFI S.A. z Grabowa nad Prosn\u0105<\/li><li>Pan Marek Zielnik \u2013 Apteka Retiro<\/li><li>Pan Krzysztof Gancarczyk \u2013 Firma Handlowo-Us\u0142ugowa BUDGAR<\/li><li>Pan Robert Lachowski i Pan Jacek P\u0142achta \u2013 Wielkopolski Dom Brokerski z Ostrzeszowa<\/li><li>Pan Antoni Szczepa\u0144ski \u2013 Meble Szczepa\u0144scy z Marsza\u0142ek<\/li><li>Pan Pawe\u0142 Wnuk FIRMA STEINLEN POLSKA Sp. ZO.O. z Ostrzeszowa<\/li><li>Firma STEK-POL z GRAB\u00d3W Pustkowie<\/li><li>Centrum Artyku\u0142\u00f3w BHP DAMAR z Ostrzeszowa<\/li><li>Toru\u0144skie Zak\u0142ady Materia\u0142\u00f3w Opatrunkowych<\/li><li>Firma Koz\u0142owscy SKLEP SPORTOWY z Ostrzeszowa<\/li><li>Pa\u0144stwo Halina i S\u0142awomir PAWLAK \u2013 Zak\u0142ad Stolarsko-Tartaczny<\/li><li>Pani Magda Bara\u0144ska MDM \u201eART. KRAWIECKIE\u201d z Kalisza<\/li><li>Rejonowy Bank Sp\u00f3\u0142dzielczy \u2013 Oddzia\u0142 Lutut\u00f3w<\/li><li>Firma EPAK z Kalisza<\/li><li>Hurtowania \u201d ZIELONA\u201d z Ostrzeszowa<\/li><li>Gminna Samopomoc Ch\u0142opska z Doruchowa<\/li><li>Pan Tomasz J\u0119drzejak FIRMA DROMICO<\/li><li>Firma BIURPAP z Ostrzeszowa<\/li><li>Firma FARBY z Ostrzeszowa<\/li><li>Hurtownia Papiernicza Papir-Hurt z Ostrzeszowa<\/li><li>Kwiaciarnia SAVINA z Ostrzeszowa<\/li><li>Pan Miros\u0142aw Nie\u0142acny Firma Olimp<\/li><li>Pan Janusz Nowicki Elektornik z Ostrzeszowa<\/li><li>Przedsi\u0119biorstwo Stolmax\u201d z Ostrzesz\u00f3w Pustkowie<\/li><li>Pan Marian Raczy\u0144ski \u2013 Firma MEDICA<\/li><li>Pa\u0144stwowy Fundusz Rehabilitacji Os\u00f3b Niepe\u0142nosprawnych<\/li><li>Miasto i Gmina Grab\u00f3w nad Prosn\u0105<\/li><li>Fundacja Biedronka<\/li><\/ul>\n\n\n\n<p class=\"has-text-align-right\">\/-\/               <br>mgr Katarzyna Kulok<br>Dyrektor         <br>DPS w Marsza\u0142kach<\/p>\n\n\n\n<h2 class=\"has-text-align-right has-small-font-size wp-block-heading\">\u201e<em>Cz\u0142owiek&nbsp;jest&nbsp;wielki nie&nbsp;przez to, co posiada,<br>lecz przez to, kim jest;&nbsp;nie&nbsp;przez to, co&nbsp;ma, lecz przez to,<br>czym dzieli si\u0119 z innymi.\u201d&nbsp;<\/em><em>Jan Pawe\u0142 II<\/em><\/h2>\n\n\n\n<h2 class=\"has-text-align-center wp-block-heading\"><em>Podzi\u0119kowanie<\/em><\/h2>\n\n\n\n<p class=\"has-text-align-center\"><strong>Pragniemy z\u0142o\u017cy\u0107 wyrazy uznania wszystkim ludziom dobrej woli,<br>kt\u00f3rzy udzielili wsparcia materialnego lub finansowego na rzecz<\/strong><br><strong>Mieszka\u0144c\u00f3w Domu Pomocy Spo\u0142ecznej w Marsza\u0142kach.<\/strong><\/p>\n\n\n\n<p class=\"has-text-align-center\"><strong>To dzi\u0119ki Pa\u0144stwu pojawi\u0142 si\u0119 u\u015bmiech na twarzach naszych Mieszka\u0144c\u00f3w, nadzieja i przekonanie, \u017ce nikt nie jest na tym \u015bwiecie sam.<\/strong><\/p>\n\n\n\n<p class=\"has-text-align-center\"><strong>Niech dobro\u0107 jak\u0105 okazujecie innym wraca do Was z podw\u00f3jn\u0105 si\u0142\u0105.<\/strong><\/p>\n\n\n\n<p class=\"has-text-align-center\"><strong>Z wyrazami szacunku<br>Dyrektor oraz Mieszka\u0144cy<br>Domu Pomocy Spo\u0142ecznej w Marsza\u0142kach<br>Katarzyna Kulok<\/strong><\/p>\n","protected":false},"excerpt":{"rendered":"<p>Prezes Fundacji NOS DUO \u2013 Pani Marta Raczy\u0144ska \u2013 DejnekaPa\u0144stwo Marta i Adam Kostrzewscy \u2013 Fabryka Ceramiki Budowlanej z OstrzeszowaPan Tomasz Cali\u0144ski i Pan Grzegorz Jo\u0144czak Firma TSG Us\u0142ugi i Inwestycje Budowlane z Kaliszkowic O\u0142obockichFirma DAN CAKE z ChrzanowaPROFI S.A. z Grabowa nad Prosn\u0105Pan Marek Zielnik \u2013 Apteka RetiroPan Krzysztof Gancarczyk \u2013 Firma Handlowo-Us\u0142ugowa BUDGARPan &hellip;<\/p>\n","protected":false},"author":1,"featured_media":0,"parent":0,"menu_order":0,"comment_status":"closed","ping_status":"closed","template":"","meta":{"footnotes":""},"class_list":["post-1310","page","type-page","status-publish","hentry"],"_links":{"self":[{"href":"https:\/\/dpsmarszalki.pl\/index.php?rest_route=\/wp\/v2\/pages\/1310","targetHints":{"allow":["GET"]}}],"collection":[{"href":"https:\/\/dpsmarszalki.pl\/index.php?rest_route=\/wp\/v2\/pages"}],"about":[{"href":"https:\/\/dpsmarszalki.pl\/index.php?rest_route=\/wp\/v2\/types\/page"}],"author":[{"embeddable":true,"href":"https:\/\/dpsmarszalki.pl\/index.php?rest_route=\/wp\/v2\/users\/1"}],"replies":[{"embeddable":true,"href":"https:\/\/dpsmarszalki.pl\/index.php?rest_route=%2Fwp%2Fv2%2Fcomments&post=1310"}],"version-history":[{"count":3,"href":"https:\/\/dpsmarszalki.pl\/index.php?rest_route=\/wp\/v2\/pages\/1310\/revisions"}],"predecessor-version":[{"id":1537,"href":"https:\/\/dpsmarszalki.pl\/index.php?rest_route=\/wp\/v2\/pages\/1310\/revisions\/1537"}],"wp:attachment":[{"href":"https:\/\/dpsmarszalki.pl\/index.php?rest_route=%2Fwp%2Fv2%2Fmedia&parent=1310"}],"curies":[{"name":"wp","href":"https:\/\/api.w.org\/{rel}","templated":true}]}}