{"id":1947,"date":"2023-02-28T13:22:14","date_gmt":"2023-02-28T13:22:14","guid":{"rendered":"https:\/\/dpsmarszalki.pl\/?page_id=1947"},"modified":"2023-02-28T13:22:14","modified_gmt":"2023-02-28T13:22:14","slug":"polityka-cookie","status":"publish","type":"page","link":"https:\/\/dpsmarszalki.pl\/?page_id=1947","title":{"rendered":"Polityka cookie"},"content":{"rendered":"\n<p>&#8222;Cookies&#8221; to niewielkie pliki tekstowe, nazywane ciasteczkami (z ang. cookie &#8211; ciastko), wysy\u0142ane przez serwis internetowy, kt\u00f3ry odwiedzamy i zapisywane na urz\u0105dzeniu ko\u0144cowym (komputerze, laptopie, smartfonie), z kt\u00f3rego korzystamy podczas przegl\u0105dania stron internetowych.<\/p>\n\n\n\n<p>W plikach &#8222;cookies&#8221;, sk\u0142adaj\u0105cych si\u0119 z szeregu liter i cyfr, znajduj\u0105 si\u0119 r\u00f3\u017cne informacje niezb\u0119dne dla prawid\u0142owego funkcjonowania serwis\u00f3w internetowych.<\/p>\n\n\n\n<p>Wszystkie dzia\u0142aj\u0105ce w Internecie serwisy &#8211; wyszukiwarki, strony informacyjne, newsowe, sklepy internetowe, strony urz\u0119d\u00f3w pa\u0144stwowych i innych instytucji publicznych, mog\u0105 prawid\u0142owo dzia\u0142a\u0107 dzi\u0119ki wykorzystaniu &#8222;cookies&#8221;.<\/p>\n\n\n\n<p>Ciasteczka umo\u017cliwiaj\u0105 tak\u017ce m.in. zapami\u0119tanie naszych preferencji i personalizowanie stron internetowych w zakresie wy\u015bwietlanych tre\u015bci oraz dopasowywania reklam. Dzi\u0119ki &#8222;cookies&#8221; mo\u017cliwe jest te\u017c rejestrowanie produkt\u00f3w \u00a0i us\u0142ug czy g\u0142osowanie w internetowych ankietach.<\/p>\n\n\n\n<p>Dane osobowe gromadzone przy u\u017cyciu &#8222;cookies&#8221; mog\u0105 by\u0107 zbierane wy\u0142\u0105cznie w celu wykonywania okre\u015blonych funkcji na rzecz u\u017cytkownika czyli np. zapami\u0119tania logowania do serwisu czy zapami\u0119tania towar\u00f3w dodanych do koszyka w sklepie internetowym. Takie dane s\u0105 zaszyfrowane w spos\u00f3b uniemo\u017cliwiaj\u0105cy dost\u0119p do nich osobom nieuprawnionym. &#8222;Cookies&#8221; nie s\u0142u\u017c\u0105 identyfikacji u\u017cytkownik\u00f3w i na ich podstawie w \u017caden spos\u00f3b nie jest ustalana czyjakolwiek to\u017csamo\u015b\u0107:<\/p>\n\n\n\n<ul class=\"wp-block-list\">\n<li>&#8222;Cookies&#8221; identyfikuj\u0105 dane komputera i przegl\u0105darki u\u017cywanych do przegl\u0105dania stron internetowych &#8211; pozwalaj\u0105 np. dowiedzie\u0107 si\u0119 czy dany komputer ju\u017c odwiedza\u0142 stron\u0119;<\/li>\n\n\n\n<li>Dane pozyskane z &#8222;cookies&#8221; nie s\u0105 w \u017caden spos\u00f3b \u0142\u0105czone z danymi osobowymi u\u017cytkownik\u00f3w pozyskanymi np. podczas rejestracji w serwisach;<\/li>\n\n\n\n<li>Nie s\u0105 szkodliwe ani dla nas ani dla naszych komputer\u00f3w czy smartfon\u00f3w &#8211; nie wp\u0142ywaj\u0105 na spos\u00f3b ich dzia\u0142ania;<\/li>\n\n\n\n<li>Nie powoduj\u0105 zmian konfiguracyjnych w urz\u0105dzeniach ko\u0144cowych, ani w oprogramowaniu zainstalowanym na tych urz\u0105dzeniach;<\/li>\n\n\n\n<li>Domy\u015blne parametry &#8222;ciasteczek&#8221; pozwalaj\u0105 na odczytanie informacji w nich zawartych jedynie serwerowi, kt\u00f3ry je utworzy\u0142;<\/li>\n\n\n\n<li>Na podstawie naszych zachowa\u0144 na odwiedzanych stronach internetowych przekazuj\u0105 do serwer\u00f3w informacje, dzi\u0119ki kt\u00f3rym wy\u015bwietlana strona jest lepiej dopasowana do indywidualnych preferencji;<\/li>\n<\/ul>\n\n\n\n<p>Zarz\u0105dzanie &#8222;Cookies&#8221;.<\/p>\n\n\n\n<p>Pami\u0119taj, \u017ce masz mo\u017cliwo\u015b\u0107 samodzielnego zarz\u0105dzania &#8222;cookies&#8221;. Umo\u017cliwiaj\u0105 to np. przegl\u0105darki internetowe, z kt\u00f3rych korzystasz. W najpopularniejszych przegl\u0105darkach masz mo\u017cliwo\u015b\u0107:<\/p>\n\n\n\n<ul class=\"wp-block-list\">\n<li>Zaakceptowania obs\u0142ugi &#8222;cookies&#8221;, co pozwoli Ci na pe\u0142ne korzystanie z opcji oferowanych przez witryny internetowe;<\/li>\n\n\n\n<li>Zarz\u0105dzania plikami &#8222;cookies&#8221; na poziomie pojedynczych, wybranych przez Ciebie witryn;<\/li>\n\n\n\n<li>Okre\u015blenia ustawie\u0144 dla r\u00f3\u017cnych typ\u00f3w plik\u00f3w &#8222;cookies&#8221;, na przyk\u0142ad akceptowania plik\u00f3w trwa\u0142ych jako sesyjnych itp.;<\/li>\n\n\n\n<li>Blokowania lub usuwania &#8222;cookies&#8221;.<\/li>\n<\/ul>\n\n\n\n<p>Efektem zmiany ustawie\u0144 w przegl\u0105darce, w zale\u017cno\u015bci od wybranej opcji, mo\u017ce by\u0107 utrata mo\u017cliwo\u015bci korzystania z niekt\u00f3rych serwis\u00f3w i us\u0142ug lub z niekt\u00f3rych funkcji w nich dost\u0119pnych.<\/p>\n","protected":false},"excerpt":{"rendered":"<p>&#8222;Cookies&#8221; to niewielkie pliki tekstowe, nazywane ciasteczkami (z ang. cookie &#8211; ciastko), wysy\u0142ane przez serwis internetowy, kt\u00f3ry odwiedzamy i zapisywane na urz\u0105dzeniu ko\u0144cowym (komputerze, laptopie, smartfonie), z kt\u00f3rego korzystamy podczas przegl\u0105dania stron internetowych. W plikach &#8222;cookies&#8221;, sk\u0142adaj\u0105cych si\u0119 z szeregu liter i cyfr, znajduj\u0105 si\u0119 r\u00f3\u017cne informacje niezb\u0119dne dla prawid\u0142owego funkcjonowania serwis\u00f3w internetowych. Wszystkie dzia\u0142aj\u0105ce &hellip;<\/p>\n","protected":false},"author":1,"featured_media":0,"parent":0,"menu_order":0,"comment_status":"closed","ping_status":"closed","template":"","meta":{"footnotes":""},"class_list":["post-1947","page","type-page","status-publish","hentry"],"_links":{"self":[{"href":"https:\/\/dpsmarszalki.pl\/index.php?rest_route=\/wp\/v2\/pages\/1947","targetHints":{"allow":["GET"]}}],"collection":[{"href":"https:\/\/dpsmarszalki.pl\/index.php?rest_route=\/wp\/v2\/pages"}],"about":[{"href":"https:\/\/dpsmarszalki.pl\/index.php?rest_route=\/wp\/v2\/types\/page"}],"author":[{"embeddable":true,"href":"https:\/\/dpsmarszalki.pl\/index.php?rest_route=\/wp\/v2\/users\/1"}],"replies":[{"embeddable":true,"href":"https:\/\/dpsmarszalki.pl\/index.php?rest_route=%2Fwp%2Fv2%2Fcomments&post=1947"}],"version-history":[{"count":1,"href":"https:\/\/dpsmarszalki.pl\/index.php?rest_route=\/wp\/v2\/pages\/1947\/revisions"}],"predecessor-version":[{"id":1948,"href":"https:\/\/dpsmarszalki.pl\/index.php?rest_route=\/wp\/v2\/pages\/1947\/revisions\/1948"}],"wp:attachment":[{"href":"https:\/\/dpsmarszalki.pl\/index.php?rest_route=%2Fwp%2Fv2%2Fmedia&parent=1947"}],"curies":[{"name":"wp","href":"https:\/\/api.w.org\/{rel}","templated":true}]}}