{"id":32,"date":"2021-08-19T10:13:54","date_gmt":"2021-08-19T10:13:54","guid":{"rendered":"http:\/\/server878551.nazwa.pl\/wp\/contact\/"},"modified":"2025-07-22T05:21:40","modified_gmt":"2025-07-22T05:21:40","slug":"contact","status":"publish","type":"page","link":"https:\/\/dpsmarszalki.pl\/?page_id=32","title":{"rendered":"Kontakt"},"content":{"rendered":"\n<p class=\"has-text-align-center\"><strong>Dom Pomocy Spo\u0142ecznej w Marsza\u0142kach<\/strong><br><strong>dla os\u00f3b przewlekle somatycznie chorych<\/strong><\/p>\n\n\n\n<p>Marsza\u0142ki 15<br>63 \u2013 520 Grab\u00f3w n\/Prosn\u0105<\/p>\n\n\n\n<p><strong>Sekretariat<\/strong><br>tel.&nbsp; 62 732 07 00 <br>e-mail: dps@dpsmarszalki.pl<\/p>\n\n\n\n<p>adres e-dor\u0119czenia: AE:PL-43890-97198-TDBRU-15<\/p>\n\n\n\n<p class=\"has-text-align-left\"><strong>Dyrektor<\/strong><br>mgr Katarzyna Kulok<br>tel. 62 732 07 02 \/ 519 332 702<br>e-mail: kkulok@dpsmarszalki.pl<\/p>\n\n\n\n<p><strong>Pracownicy socjalni<\/strong>: 62 732 07 03<\/p>\n\n\n\n<p><strong>Oddzia\u0142 (kom\u00f3rka)<\/strong>: 519 332 805<\/p>\n\n\n\n<p><strong>Dzia\u0142 Opieku\u0144czo-Medyczny<\/strong><br>Kierownik Dzia\u0142u<br>mgr \u0141ukasz Handke<br>tel. 62 732 07 00<br>e-mail: lhandke@dpsmarszalki.pl<\/p>\n\n\n\n<p><strong>Dzia\u0142 Terapeutyczno-Opieku\u0144czy<\/strong><br>Kierownika Dzia\u0142u<br>mgr Agnieszka Ward\u0119ga<br>tel. 62 732 07 00<br>e-mail: awardega@dpsmarszalki.pl<\/p>\n\n\n\n<p><strong>Dzia\u0142 Finansowy<br><\/strong>G\u0142\u00f3wny Ksi\u0119gowy<br>mgr Anna Pacy\u0144ska \u2013 Skorupa<br>tel. 62 732 07 01 \/ 519 332 701<br>e \u2013 mail: apacynskaskorupa@dpsmarszalki.pl<\/p>\n\n\n\n<p><strong>Dzia\u0142 Administracyjno-Gospodarczy<\/strong><br>Kierownik Dzia\u0142u<br>mgr Justyna Ma\u0142kowska<br>tel. 62 732 07 00 \/ 797 208 657<br>e-mail: jmalkowska@dpsmarszalki.pl<\/p>\n\n\n\n<p><\/p>\n\n\n\n<p><\/p>\n\n\n\n<p><\/p>\n\n\n\n<iframe src=\"https:\/\/www.google.com\/maps\/embed?pb=!1m18!1m12!1m3!1d2485.626868609285!2d18.0840882157684!3d51.46500687962815!2m3!1f0!2f0!3f0!3m2!1i1024!2i768!4f13.1!3m3!1m2!1s0x471aa2cc3253dc25%3A0x7fc4ea7e2f12fb0b!2sDom%20Pomocy%20Spo%C5%82ecznej!5e0!3m2!1spl!2spl!4v1652253099851!5m2!1spl!2spl\" width=\"600\" height=\"450\" style=\"border:0;\" allowfullscreen=\"\" loading=\"lazy\" referrerpolicy=\"no-referrer-when-downgrade\"><\/iframe>\n","protected":false},"excerpt":{"rendered":"<p>Dom Pomocy Spo\u0142ecznej w Marsza\u0142kachdla os\u00f3b przewlekle somatycznie chorych Marsza\u0142ki 1563 \u2013 520 Grab\u00f3w n\/Prosn\u0105 Sekretariattel.&nbsp; 62 732 07 00 e-mail: dps@dpsmarszalki.pl adres e-dor\u0119czenia: AE:PL-43890-97198-TDBRU-15 Dyrektormgr Katarzyna Kuloktel. 62 732 07 02 \/ 519 332 702e-mail: kkulok@dpsmarszalki.pl Pracownicy socjalni: 62 732 07 03 Oddzia\u0142 (kom\u00f3rka): 519 332 805 Dzia\u0142 Opieku\u0144czo-MedycznyKierownik Dzia\u0142umgr \u0141ukasz Handketel. 62 732 &hellip;<\/p>\n","protected":false},"author":1,"featured_media":0,"parent":0,"menu_order":0,"comment_status":"closed","ping_status":"closed","template":"","meta":{"footnotes":""},"class_list":["post-32","page","type-page","status-publish","hentry"],"_links":{"self":[{"href":"https:\/\/dpsmarszalki.pl\/index.php?rest_route=\/wp\/v2\/pages\/32","targetHints":{"allow":["GET"]}}],"collection":[{"href":"https:\/\/dpsmarszalki.pl\/index.php?rest_route=\/wp\/v2\/pages"}],"about":[{"href":"https:\/\/dpsmarszalki.pl\/index.php?rest_route=\/wp\/v2\/types\/page"}],"author":[{"embeddable":true,"href":"https:\/\/dpsmarszalki.pl\/index.php?rest_route=\/wp\/v2\/users\/1"}],"replies":[{"embeddable":true,"href":"https:\/\/dpsmarszalki.pl\/index.php?rest_route=%2Fwp%2Fv2%2Fcomments&post=32"}],"version-history":[{"count":15,"href":"https:\/\/dpsmarszalki.pl\/index.php?rest_route=\/wp\/v2\/pages\/32\/revisions"}],"predecessor-version":[{"id":7545,"href":"https:\/\/dpsmarszalki.pl\/index.php?rest_route=\/wp\/v2\/pages\/32\/revisions\/7545"}],"wp:attachment":[{"href":"https:\/\/dpsmarszalki.pl\/index.php?rest_route=%2Fwp%2Fv2%2Fmedia&parent=32"}],"curies":[{"name":"wp","href":"https:\/\/api.w.org\/{rel}","templated":true}]}}