{"id":9752,"date":"2026-03-26T09:26:47","date_gmt":"2026-03-26T09:26:47","guid":{"rendered":"https:\/\/dpsmarszalki.pl\/?page_id=9752"},"modified":"2026-03-26T10:11:40","modified_gmt":"2026-03-26T10:11:40","slug":"procedura-zglaszania-naruszen-prawa","status":"publish","type":"page","link":"https:\/\/dpsmarszalki.pl\/?page_id=9752","title":{"rendered":"Procedura zg\u0142aszania narusze\u0144 prawa"},"content":{"rendered":"\n<div class=\"wp-block-file\"><a id=\"wp-block-file--media-5e148fe3-118b-44bd-a5c1-63a5b0bb262d\" href=\"https:\/\/dpsmarszalki.pl\/wp-content\/uploads\/2026\/03\/Zarzadzenie-Nr-25-W-sprawie-wprowadzenia-Regulaminu-wraz-z-Procedura-zglaszania-naruszen-oraz-powolania-Koordynatora-ds.-obslugi-zgloszen-naruszen.pdf\">Zarz\u0105dzenie Nr 25 W sprawie wprowadzenia Regulaminu wraz z Procedur\u0105 zg\u0142aszania narusze\u0144 oraz powo\u0142ania Koordynatora ds. obs\u0142ugi zg\u0142osze\u0144 narusze\u0144<\/a><a href=\"https:\/\/dpsmarszalki.pl\/wp-content\/uploads\/2026\/03\/Zarzadzenie-Nr-25-W-sprawie-wprowadzenia-Regulaminu-wraz-z-Procedura-zglaszania-naruszen-oraz-powolania-Koordynatora-ds.-obslugi-zgloszen-naruszen.pdf\" class=\"wp-block-file__button wp-element-button\" download aria-describedby=\"wp-block-file--media-5e148fe3-118b-44bd-a5c1-63a5b0bb262d\">Pobierz<\/a><\/div>\n\n\n\n<div class=\"wp-block-file\"><a id=\"wp-block-file--media-dfa8d826-edc5-47c0-bdbe-55b03ca104e5\" href=\"https:\/\/dpsmarszalki.pl\/wp-content\/uploads\/2026\/03\/Regulamin-wraz-z-procedura-zglaszania-naruszen.pdf\">Regulamin wraz z procedur\u0105 zg\u0142aszania narusze\u0144<\/a><a href=\"https:\/\/dpsmarszalki.pl\/wp-content\/uploads\/2026\/03\/Regulamin-wraz-z-procedura-zglaszania-naruszen.pdf\" class=\"wp-block-file__button wp-element-button\" download aria-describedby=\"wp-block-file--media-dfa8d826-edc5-47c0-bdbe-55b03ca104e5\">Pobierz<\/a><\/div>\n\n\n\n<p><\/p>\n","protected":false},"excerpt":{"rendered":"<p>Zarz\u0105dzenie Nr 25 W sprawie wprowadzenia Regulaminu wraz z Procedur\u0105 zg\u0142aszania narusze\u0144 oraz powo\u0142ania Koordynatora ds. obs\u0142ugi zg\u0142osze\u0144 narusze\u0144Pobierz Regulamin wraz z procedur\u0105 zg\u0142aszania narusze\u0144Pobierz<\/p>\n","protected":false},"author":1,"featured_media":0,"parent":0,"menu_order":0,"comment_status":"closed","ping_status":"closed","template":"","meta":{"footnotes":""},"class_list":["post-9752","page","type-page","status-publish","hentry"],"_links":{"self":[{"href":"https:\/\/dpsmarszalki.pl\/index.php?rest_route=\/wp\/v2\/pages\/9752","targetHints":{"allow":["GET"]}}],"collection":[{"href":"https:\/\/dpsmarszalki.pl\/index.php?rest_route=\/wp\/v2\/pages"}],"about":[{"href":"https:\/\/dpsmarszalki.pl\/index.php?rest_route=\/wp\/v2\/types\/page"}],"author":[{"embeddable":true,"href":"https:\/\/dpsmarszalki.pl\/index.php?rest_route=\/wp\/v2\/users\/1"}],"replies":[{"embeddable":true,"href":"https:\/\/dpsmarszalki.pl\/index.php?rest_route=%2Fwp%2Fv2%2Fcomments&post=9752"}],"version-history":[{"count":2,"href":"https:\/\/dpsmarszalki.pl\/index.php?rest_route=\/wp\/v2\/pages\/9752\/revisions"}],"predecessor-version":[{"id":9761,"href":"https:\/\/dpsmarszalki.pl\/index.php?rest_route=\/wp\/v2\/pages\/9752\/revisions\/9761"}],"wp:attachment":[{"href":"https:\/\/dpsmarszalki.pl\/index.php?rest_route=%2Fwp%2Fv2%2Fmedia&parent=9752"}],"curies":[{"name":"wp","href":"https:\/\/api.w.org\/{rel}","templated":true}]}}